{"id":99,"date":"2025-06-09T15:36:21","date_gmt":"2025-06-09T15:36:21","guid":{"rendered":"https:\/\/sevayayoga.dk\/?page_id=99"},"modified":"2025-06-09T15:48:30","modified_gmt":"2025-06-09T15:48:30","slug":"meditation","status":"publish","type":"page","link":"https:\/\/sevayayoga.dk\/index.php\/meditation\/","title":{"rendered":"Meditation"},"content":{"rendered":"\n<p>Har du en meditationspraksis? <\/p>\n\n\n\n<p>* Meditation og afsp\u00e6nding styrker dit mentale velv\u00e6re\u00a0<\/p>\n\n\n\n<p>I meditation og afsp\u00e6nding tr\u00e6ner du din evne til at slappe af og v\u00e6re til stede i det, du m\u00e6rker lige nu. Det kan styrke dit mentale velv\u00e6re og overskud, og det kan v\u00e6re en hj\u00e6lp til h\u00e5ndtere bekymringer, stress, angst og smerter.<\/p>\n\n\n\n<p>Nogle gange er det sv\u00e6rt at koncentrere sig om \u00f8velsen, s\u00e6rligt hvis meditation er nyt for dig. Det g\u00f8r ikke noget. N\u00e5r du opdager, at tankerne er vandret, vender du blot stille og roligt opm\u00e6rksomheden tilbage til \u00f8velsen. \u00a0<\/p>\n\n\n\n<p>*Meditations\u00f8velser som giver afslapning og ro<\/p>\n\n\n\n<p>F\u00f8lgende tre \u00f8velser vil du blive guidet igennem under din yoga praksis hos Sevaya Yoga. Det er samtidig en enkel m\u00e5de at meditere p\u00e5, som du selv kan lave derhjemme, i din have eller i naturen, n\u00e5r det f\u00f8les rigtigt for dig..\u00a0<\/p>\n\n\n\n<ol start=\"1\" class=\"wp-block-list\">\n<li>Vejrtr\u00e6kningsmeditation, som giver en pause og ny energi<\/li>\n\n\n\n<li>Kropsscanning, som giver en dyb afslapning i kroppen og som kan mindske smerter, stress og tankemylder<\/li>\n\n\n\n<li>Afsp\u00e6ndings\u00f8velse som kan medvirke til at lindre smerter<\/li>\n<\/ol>\n","protected":false},"excerpt":{"rendered":"<p>Har du en meditationspraksis? * Meditation og afsp\u00e6nding styrker dit mentale velv\u00e6re\u00a0 I meditation og afsp\u00e6nding tr\u00e6ner du din evne til at slappe af og v\u00e6re til stede i det, du m\u00e6rker lige nu. Det kan styrke dit mentale velv\u00e6re og overskud, og det kan v\u00e6re en hj\u00e6lp til h\u00e5ndtere bekymringer, stress, angst og smerter. [&hellip;]<\/p>\n","protected":false},"author":1,"featured_media":0,"parent":0,"menu_order":0,"comment_status":"closed","ping_status":"closed","template":"","meta":{"footnotes":""},"class_list":["post-99","page","type-page","status-publish","hentry"],"_links":{"self":[{"href":"https:\/\/sevayayoga.dk\/index.php\/wp-json\/wp\/v2\/pages\/99","targetHints":{"allow":["GET"]}}],"collection":[{"href":"https:\/\/sevayayoga.dk\/index.php\/wp-json\/wp\/v2\/pages"}],"about":[{"href":"https:\/\/sevayayoga.dk\/index.php\/wp-json\/wp\/v2\/types\/page"}],"author":[{"embeddable":true,"href":"https:\/\/sevayayoga.dk\/index.php\/wp-json\/wp\/v2\/users\/1"}],"replies":[{"embeddable":true,"href":"https:\/\/sevayayoga.dk\/index.php\/wp-json\/wp\/v2\/comments?post=99"}],"version-history":[{"count":2,"href":"https:\/\/sevayayoga.dk\/index.php\/wp-json\/wp\/v2\/pages\/99\/revisions"}],"predecessor-version":[{"id":103,"href":"https:\/\/sevayayoga.dk\/index.php\/wp-json\/wp\/v2\/pages\/99\/revisions\/103"}],"wp:attachment":[{"href":"https:\/\/sevayayoga.dk\/index.php\/wp-json\/wp\/v2\/media?parent=99"}],"curies":[{"name":"wp","href":"https:\/\/api.w.org\/{rel}","templated":true}]}}