{"id":104,"date":"2025-06-09T16:51:59","date_gmt":"2025-06-09T16:51:59","guid":{"rendered":"https:\/\/sevayayoga.dk\/?page_id=104"},"modified":"2026-04-06T15:10:40","modified_gmt":"2026-04-06T15:10:40","slug":"hatha-yoga","status":"publish","type":"page","link":"https:\/\/sevayayoga.dk\/index.php\/hatha-yoga\/","title":{"rendered":"Hatha Yoga"},"content":{"rendered":"\n<p><\/p>\n\n\n\n<p>Hatha Yoga er en klassisk og rolig yogaform, og en af de \u00e6ldste og mest udbredte former for yoga, der fokuserer p\u00e5 fysisk tr\u00e6ning gennem kropsstillinger (asanas) og \u00e5ndedr\u00e6tskontrol (pranayama). Ordet&nbsp;<em>Hatha<\/em> betyder bogstaveligt talt \u201ckraft\u201d eller \u201cvilje\u201d og refererer til en balancering af de to energier: den solare (ha) og den lunare (tha).<\/p>\n\n\n\n<p>I Hatha yoga l\u00e6gges v\u00e6gt p\u00e5 at skabe balance mellem krop og sind gennem langsomme og kontrollerede bev\u00e6gelser, ofte kombineret med meditation og afslapning. Det er en god yogaform for begyndere og en grundsten for mange moderne yogastilarter. Hatha Yoga kan v\u00e6re et godt udgangspunkt, hvis du \u00f8nsker at forbedre fleksibilitet, styrke og mentalt velv\u00e6re.<\/p>\n\n\n\n<p>Fordele ved Hatha yoga:<\/p>\n\n\n\n<ul class=\"wp-block-list\">\n<li>Opbygger styrke og stabilitet<\/li>\n\n\n\n<li>Forbedrer balance og kropsholdning<\/li>\n\n\n\n<li>\u00d8ger fleksibilitet<\/li>\n\n\n\n<li>Giver mental ro og fokus<\/li>\n\n\n\n<li>God introduktion til yoga generelt<\/li>\n<\/ul>\n\n\n\n<p>Hatha yoga er god til dig der:<\/p>\n\n\n\n<ul class=\"wp-block-list\">\n<li>\u00d8nsker at v\u00e6re dus med de klassiske yogastillinger<\/li>\n\n\n\n<li>\u00d8nsker en rolig men aktiv tr\u00e6ning<\/li>\n\n\n\n<li>\u00d8nsker at kombinere bev\u00e6gelse og mindfulness<\/li>\n<\/ul>\n\n\n\n<p>Hatha yoga hos Sevaya Yoga<\/p>\n\n\n\n<p>Hos Sevaya Yoga inviteres du ind i et trygt og roligt rum, hvor tempoet s\u00e6nkes, og forbindelsen til krop og \u00e5ndedr\u00e6t f\u00e5r plads. Her undervises i\u00a0klassisk Hatha yoga\u00a0\u2013 en blid, men dyb praksis, der passer s\u00e6rligt godt til begyndere og til dig, der \u00f8nsker at lande i dig selv.<\/p>\n\n\n\n<p>Hver klasse best\u00e5r af:<\/p>\n\n\n\n<p>\u2022 Rolige fysiske stillinger (asanas), hvor vi arbejder med styrke, str\u00e6k og balance i et tempo, hvor alle kan v\u00e6re med.<\/p>\n\n\n\n<p>\u2022 Bevidst \u00e5ndedr\u00e6t (pranayama), som hj\u00e6lper med at skabe ro.<\/p>\n\n\n\n<p>\u2022 Kort afsp\u00e6nding eller meditation, hvor kroppen f\u00e5r lov at integrere og sindet falder til ro.<\/p>\n\n\n\n<p><\/p>\n\n\n\n<p>Du beh\u00f8ver ikke v\u00e6re smidig, spirituel eller have pr\u00f8vet yoga f\u00f8r \u2013 du skal bare m\u00f8de op som du er.<\/p>\n\n\n\n<p>Her skal du ikke pr\u00e6stere, blot v\u00e6re tilstede og give til dig selv .<\/p>\n\n\n\n<p>Velkommen til Sevaya Yoga \u2013 et \u00e5ndehul midt i hverdagen, hvor yogaen bliver en gave til dig selv.<\/p>\n\n\n\n<p><\/p>\n","protected":false},"excerpt":{"rendered":"<p>Hatha Yoga er en klassisk og rolig yogaform, og en af de \u00e6ldste og mest udbredte former for yoga, der fokuserer p\u00e5 fysisk tr\u00e6ning gennem kropsstillinger (asanas) og \u00e5ndedr\u00e6tskontrol (pranayama). Ordet&nbsp;Hatha betyder bogstaveligt talt \u201ckraft\u201d eller \u201cvilje\u201d og refererer til en balancering af de to energier: den solare (ha) og den lunare (tha). I Hatha [&hellip;]<\/p>\n","protected":false},"author":1,"featured_media":0,"parent":0,"menu_order":0,"comment_status":"closed","ping_status":"closed","template":"","meta":{"footnotes":""},"class_list":["post-104","page","type-page","status-publish","hentry"],"_links":{"self":[{"href":"https:\/\/sevayayoga.dk\/index.php\/wp-json\/wp\/v2\/pages\/104","targetHints":{"allow":["GET"]}}],"collection":[{"href":"https:\/\/sevayayoga.dk\/index.php\/wp-json\/wp\/v2\/pages"}],"about":[{"href":"https:\/\/sevayayoga.dk\/index.php\/wp-json\/wp\/v2\/types\/page"}],"author":[{"embeddable":true,"href":"https:\/\/sevayayoga.dk\/index.php\/wp-json\/wp\/v2\/users\/1"}],"replies":[{"embeddable":true,"href":"https:\/\/sevayayoga.dk\/index.php\/wp-json\/wp\/v2\/comments?post=104"}],"version-history":[{"count":8,"href":"https:\/\/sevayayoga.dk\/index.php\/wp-json\/wp\/v2\/pages\/104\/revisions"}],"predecessor-version":[{"id":218,"href":"https:\/\/sevayayoga.dk\/index.php\/wp-json\/wp\/v2\/pages\/104\/revisions\/218"}],"wp:attachment":[{"href":"https:\/\/sevayayoga.dk\/index.php\/wp-json\/wp\/v2\/media?parent=104"}],"curies":[{"name":"wp","href":"https:\/\/api.w.org\/{rel}","templated":true}]}}